{"id":5979,"date":"2026-04-29T18:35:14","date_gmt":"2026-04-29T18:35:14","guid":{"rendered":"https:\/\/www.lobodachi.com\/?post_type=product&#038;p=5979"},"modified":"2026-05-03T14:39:38","modified_gmt":"2026-05-03T14:39:38","slug":"bolso-de-hombro-pokemon-ball-fit-collection","status":"publish","type":"product","link":"https:\/\/www.lobodachi.com\/?product=bolso-de-hombro-pokemon-ball-fit-collection","title":{"rendered":"Bolso de Hombro Pokemon Ball Fit Collection"},"content":{"rendered":"<p>Pok\u00e9mon Center<\/p>\n<p>Bolsa de hombro Pok\u00e9ball Pok\u00e9mon Fit Collection<\/p>\n<p>16\u00d79\u00d714 cm<\/p>\n<p>140g<\/p>\n<p>\u00a0<\/p>\n","protected":false},"excerpt":{"rendered":"<p>Pok\u00e9mon Center Bolsa de hombro Pok\u00e9ball Pok\u00e9mon Fit Collection 16\u00d79\u00d714 cm 140g \u00a0<\/p>\n","protected":false},"featured_media":5984,"template":"","meta":[],"_links":{"self":[{"href":"https:\/\/www.lobodachi.com\/index.php?rest_route=\/wp\/v2\/product\/5979"}],"collection":[{"href":"https:\/\/www.lobodachi.com\/index.php?rest_route=\/wp\/v2\/product"}],"about":[{"href":"https:\/\/www.lobodachi.com\/index.php?rest_route=\/wp\/v2\/types\/product"}],"wp:featuredmedia":[{"embeddable":true,"href":"https:\/\/www.lobodachi.com\/index.php?rest_route=\/wp\/v2\/media\/5984"}],"wp:attachment":[{"href":"https:\/\/www.lobodachi.com\/index.php?rest_route=%2Fwp%2Fv2%2Fmedia&parent=5979"}],"curies":[{"name":"wp","href":"https:\/\/api.w.org\/{rel}","templated":true}]}}