{"id":5987,"date":"2026-04-29T19:05:52","date_gmt":"2026-04-29T19:05:52","guid":{"rendered":"https:\/\/www.lobodachi.com\/?post_type=product&#038;p=5987"},"modified":"2026-05-03T14:39:57","modified_gmt":"2026-05-03T14:39:57","slug":"wooper-plush-little-daydream","status":"publish","type":"product","link":"https:\/\/www.lobodachi.com\/?product=wooper-plush-little-daydream","title":{"rendered":"Wooper Plush Little Daydream"},"content":{"rendered":"<p>Pok\u00e9mon Center<\/p>\n<p>Plush Wooper Pok\u00e9mon Little Daydream<\/p>\n<p>23\u00d720\u00d716.5 cm<\/p>\n<p>104 g<\/p>\n","protected":false},"excerpt":{"rendered":"<p>Pok\u00e9mon Center Plush Wooper Pok\u00e9mon Little Daydream 23\u00d720\u00d716.5 cm 104 g<\/p>\n","protected":false},"featured_media":5996,"template":"","meta":[],"_links":{"self":[{"href":"https:\/\/www.lobodachi.com\/index.php?rest_route=\/wp\/v2\/product\/5987"}],"collection":[{"href":"https:\/\/www.lobodachi.com\/index.php?rest_route=\/wp\/v2\/product"}],"about":[{"href":"https:\/\/www.lobodachi.com\/index.php?rest_route=\/wp\/v2\/types\/product"}],"wp:featuredmedia":[{"embeddable":true,"href":"https:\/\/www.lobodachi.com\/index.php?rest_route=\/wp\/v2\/media\/5996"}],"wp:attachment":[{"href":"https:\/\/www.lobodachi.com\/index.php?rest_route=%2Fwp%2Fv2%2Fmedia&parent=5987"}],"curies":[{"name":"wp","href":"https:\/\/api.w.org\/{rel}","templated":true}]}}