{"id":5988,"date":"2026-04-29T19:05:52","date_gmt":"2026-04-29T19:05:52","guid":{"rendered":"https:\/\/www.lobodachi.com\/?post_type=product&#038;p=5988"},"modified":"2026-05-03T14:39:53","modified_gmt":"2026-05-03T14:39:53","slug":"wooper-mascot-little-daydream","status":"publish","type":"product","link":"https:\/\/www.lobodachi.com\/?product=wooper-mascot-little-daydream","title":{"rendered":"Wooper Mascot Little Daydream"},"content":{"rendered":"<p>Pok\u00e9mon Center<\/p>\n<p>Plush Llavero Wooper Pok\u00e9mon Mascot Little Daydream<\/p>\n<p>16\u00d713\u00d718 cm<\/p>\n<p>41g<\/p>\n<p>\u00a0<\/p>\n","protected":false},"excerpt":{"rendered":"<p>Pok\u00e9mon Center Plush Llavero Wooper Pok\u00e9mon Mascot Little Daydream 16\u00d713\u00d718 cm 41g \u00a0<\/p>\n","protected":false},"featured_media":5995,"template":"","meta":[],"_links":{"self":[{"href":"https:\/\/www.lobodachi.com\/index.php?rest_route=\/wp\/v2\/product\/5988"}],"collection":[{"href":"https:\/\/www.lobodachi.com\/index.php?rest_route=\/wp\/v2\/product"}],"about":[{"href":"https:\/\/www.lobodachi.com\/index.php?rest_route=\/wp\/v2\/types\/product"}],"wp:featuredmedia":[{"embeddable":true,"href":"https:\/\/www.lobodachi.com\/index.php?rest_route=\/wp\/v2\/media\/5995"}],"wp:attachment":[{"href":"https:\/\/www.lobodachi.com\/index.php?rest_route=%2Fwp%2Fv2%2Fmedia&parent=5988"}],"curies":[{"name":"wp","href":"https:\/\/api.w.org\/{rel}","templated":true}]}}