{"id":5998,"date":"2026-04-29T20:23:57","date_gmt":"2026-04-29T20:23:57","guid":{"rendered":"https:\/\/www.lobodachi.com\/?post_type=product&#038;p=5998"},"modified":"2026-05-03T14:40:10","modified_gmt":"2026-05-03T14:40:10","slug":"tandemaus-fluffy-palm-mascots-par","status":"publish","type":"product","link":"https:\/\/www.lobodachi.com\/?product=tandemaus-fluffy-palm-mascots-par","title":{"rendered":"Tandemaus Fluffy Palm mascots (par)"},"content":{"rendered":"<p>Pok\u00e9mon Center<\/p>\n<p>Llavero Plush Tandemaus Pok\u00e9mon Fluffy Palm Mascot<\/p>\n<p>Se vende como un conjunto de dos<\/p>\n<p>9\u00d72,5\u00d712 cm<\/p>\n<p>8,5 g<\/p>\n","protected":false},"excerpt":{"rendered":"<p>Pok\u00e9mon Center Llavero Plush Tandemaus Pok\u00e9mon Fluffy Palm Mascot Se vende como un conjunto de dos 9\u00d72,5\u00d712 cm 8,5 g<\/p>\n","protected":false},"featured_media":6008,"template":"","meta":[],"_links":{"self":[{"href":"https:\/\/www.lobodachi.com\/index.php?rest_route=\/wp\/v2\/product\/5998"}],"collection":[{"href":"https:\/\/www.lobodachi.com\/index.php?rest_route=\/wp\/v2\/product"}],"about":[{"href":"https:\/\/www.lobodachi.com\/index.php?rest_route=\/wp\/v2\/types\/product"}],"wp:featuredmedia":[{"embeddable":true,"href":"https:\/\/www.lobodachi.com\/index.php?rest_route=\/wp\/v2\/media\/6008"}],"wp:attachment":[{"href":"https:\/\/www.lobodachi.com\/index.php?rest_route=%2Fwp%2Fv2%2Fmedia&parent=5998"}],"curies":[{"name":"wp","href":"https:\/\/api.w.org\/{rel}","templated":true}]}}