{"id":6000,"date":"2026-04-29T20:23:57","date_gmt":"2026-04-29T20:23:57","guid":{"rendered":"https:\/\/www.lobodachi.com\/?post_type=product&#038;p=6000"},"modified":"2026-05-03T14:40:05","modified_gmt":"2026-05-03T14:40:05","slug":"charmander-plush-little-daydream","status":"publish","type":"product","link":"https:\/\/www.lobodachi.com\/?product=charmander-plush-little-daydream","title":{"rendered":"Charmander Plush Little Daydream"},"content":{"rendered":"<p>Pok\u00e9mon Center<\/p>\n<p>Plush Charmander Pok\u00e9mon Little Daydream<\/p>\n<p>16\u00d719\u00d720 cm<\/p>\n<p>72 g<\/p>\n","protected":false},"excerpt":{"rendered":"<p>Pok\u00e9mon Center Plush Charmander Pok\u00e9mon Little Daydream 16\u00d719\u00d720 cm 72 g<\/p>\n","protected":false},"featured_media":6003,"template":"","meta":[],"_links":{"self":[{"href":"https:\/\/www.lobodachi.com\/index.php?rest_route=\/wp\/v2\/product\/6000"}],"collection":[{"href":"https:\/\/www.lobodachi.com\/index.php?rest_route=\/wp\/v2\/product"}],"about":[{"href":"https:\/\/www.lobodachi.com\/index.php?rest_route=\/wp\/v2\/types\/product"}],"wp:featuredmedia":[{"embeddable":true,"href":"https:\/\/www.lobodachi.com\/index.php?rest_route=\/wp\/v2\/media\/6003"}],"wp:attachment":[{"href":"https:\/\/www.lobodachi.com\/index.php?rest_route=%2Fwp%2Fv2%2Fmedia&parent=6000"}],"curies":[{"name":"wp","href":"https:\/\/api.w.org\/{rel}","templated":true}]}}