{"id":6001,"date":"2026-04-29T20:23:57","date_gmt":"2026-04-29T20:23:57","guid":{"rendered":"https:\/\/www.lobodachi.com\/?post_type=product&#038;p=6001"},"modified":"2026-05-03T14:40:03","modified_gmt":"2026-05-03T14:40:03","slug":"charmander-mascot-little-daydream","status":"publish","type":"product","link":"https:\/\/www.lobodachi.com\/?product=charmander-mascot-little-daydream","title":{"rendered":"Charmander Mascot Little Daydream"},"content":{"rendered":"<p>Pok\u00e9mon Center<\/p>\n<p>Plush Llavero Charmander Pok\u00e9mon Mascot Little Daydream<\/p>\n<p>9\u00d710\u00d718 cm<\/p>\n<p>41g<\/p>\n","protected":false},"excerpt":{"rendered":"<p>Pok\u00e9mon Center Plush Llavero Charmander Pok\u00e9mon Mascot Little Daydream 9\u00d710\u00d718 cm 41g<\/p>\n","protected":false},"featured_media":6002,"template":"","meta":[],"_links":{"self":[{"href":"https:\/\/www.lobodachi.com\/index.php?rest_route=\/wp\/v2\/product\/6001"}],"collection":[{"href":"https:\/\/www.lobodachi.com\/index.php?rest_route=\/wp\/v2\/product"}],"about":[{"href":"https:\/\/www.lobodachi.com\/index.php?rest_route=\/wp\/v2\/types\/product"}],"wp:featuredmedia":[{"embeddable":true,"href":"https:\/\/www.lobodachi.com\/index.php?rest_route=\/wp\/v2\/media\/6002"}],"wp:attachment":[{"href":"https:\/\/www.lobodachi.com\/index.php?rest_route=%2Fwp%2Fv2%2Fmedia&parent=6001"}],"curies":[{"name":"wp","href":"https:\/\/api.w.org\/{rel}","templated":true}]}}