{"id":6011,"date":"2026-04-30T19:27:55","date_gmt":"2026-04-30T19:27:55","guid":{"rendered":"https:\/\/www.lobodachi.com\/?post_type=product&#038;p=6011"},"modified":"2026-05-05T15:35:32","modified_gmt":"2026-05-05T15:35:32","slug":"munchlax-plush-little-daydream","status":"publish","type":"product","link":"https:\/\/www.lobodachi.com\/?product=munchlax-plush-little-daydream","title":{"rendered":"Munchlax Plush Little Daydream"},"content":{"rendered":"<p>Pok\u00e9mon Center<\/p>\n<p>Plush Munchlax Pok\u00e9mon Little Daydream<\/p>\n<p>15\u00d723\u00d720 cm<\/p>\n<p>130 g<\/p>\n","protected":false},"excerpt":{"rendered":"<p>Pok\u00e9mon Center Plush Munchlax Pok\u00e9mon Little Daydream 15\u00d723\u00d720 cm 130 g<\/p>\n","protected":false},"featured_media":6020,"template":"","meta":[],"_links":{"self":[{"href":"https:\/\/www.lobodachi.com\/index.php?rest_route=\/wp\/v2\/product\/6011"}],"collection":[{"href":"https:\/\/www.lobodachi.com\/index.php?rest_route=\/wp\/v2\/product"}],"about":[{"href":"https:\/\/www.lobodachi.com\/index.php?rest_route=\/wp\/v2\/types\/product"}],"wp:featuredmedia":[{"embeddable":true,"href":"https:\/\/www.lobodachi.com\/index.php?rest_route=\/wp\/v2\/media\/6020"}],"wp:attachment":[{"href":"https:\/\/www.lobodachi.com\/index.php?rest_route=%2Fwp%2Fv2%2Fmedia&parent=6011"}],"curies":[{"name":"wp","href":"https:\/\/api.w.org\/{rel}","templated":true}]}}