{"id":6012,"date":"2026-04-30T19:27:55","date_gmt":"2026-04-30T19:27:55","guid":{"rendered":"https:\/\/www.lobodachi.com\/?post_type=product&#038;p=6012"},"modified":"2026-05-05T15:35:30","modified_gmt":"2026-05-05T15:35:30","slug":"mini-mini-leftovers-mascot","status":"publish","type":"product","link":"https:\/\/www.lobodachi.com\/?product=mini-mini-leftovers-mascot","title":{"rendered":"Mini mini leftovers Mascot"},"content":{"rendered":"<p>Pok\u00e9mon Center<\/p>\n<p>Llavero mascot mini Leftovers<\/p>\n<p>4\u00d72\u00d75.3 cm<\/p>\n<p>8g<\/p>\n","protected":false},"excerpt":{"rendered":"<p>Pok\u00e9mon Center Llavero mascot mini Leftovers 4\u00d72\u00d75.3 cm 8g<\/p>\n","protected":false},"featured_media":6019,"template":"","meta":[],"_links":{"self":[{"href":"https:\/\/www.lobodachi.com\/index.php?rest_route=\/wp\/v2\/product\/6012"}],"collection":[{"href":"https:\/\/www.lobodachi.com\/index.php?rest_route=\/wp\/v2\/product"}],"about":[{"href":"https:\/\/www.lobodachi.com\/index.php?rest_route=\/wp\/v2\/types\/product"}],"wp:featuredmedia":[{"embeddable":true,"href":"https:\/\/www.lobodachi.com\/index.php?rest_route=\/wp\/v2\/media\/6019"}],"wp:attachment":[{"href":"https:\/\/www.lobodachi.com\/index.php?rest_route=%2Fwp%2Fv2%2Fmedia&parent=6012"}],"curies":[{"name":"wp","href":"https:\/\/api.w.org\/{rel}","templated":true}]}}