{"id":6014,"date":"2026-04-30T19:27:55","date_gmt":"2026-04-30T19:27:55","guid":{"rendered":"https:\/\/www.lobodachi.com\/?post_type=product&#038;p=6014"},"modified":"2026-05-03T14:40:16","modified_gmt":"2026-05-03T14:40:16","slug":"toalla-de-mano-mimikyu","status":"publish","type":"product","link":"https:\/\/www.lobodachi.com\/?product=toalla-de-mano-mimikyu","title":{"rendered":"Toalla de mano Mimikyu"},"content":{"rendered":"<p>Pok\u00e9mon Center<\/p>\n<p>Toalla de mano Pokemon&#8217;s Journey Mimikyu<\/p>\n<p>25\u00d70,5\u00d725 cm<\/p>\n<p>28g<\/p>\n","protected":false},"excerpt":{"rendered":"<p>Pok\u00e9mon Center Toalla de mano Pokemon&#8217;s Journey Mimikyu 25\u00d70,5\u00d725 cm 28g<\/p>\n","protected":false},"featured_media":6017,"template":"","meta":[],"_links":{"self":[{"href":"https:\/\/www.lobodachi.com\/index.php?rest_route=\/wp\/v2\/product\/6014"}],"collection":[{"href":"https:\/\/www.lobodachi.com\/index.php?rest_route=\/wp\/v2\/product"}],"about":[{"href":"https:\/\/www.lobodachi.com\/index.php?rest_route=\/wp\/v2\/types\/product"}],"wp:featuredmedia":[{"embeddable":true,"href":"https:\/\/www.lobodachi.com\/index.php?rest_route=\/wp\/v2\/media\/6017"}],"wp:attachment":[{"href":"https:\/\/www.lobodachi.com\/index.php?rest_route=%2Fwp%2Fv2%2Fmedia&parent=6014"}],"curies":[{"name":"wp","href":"https:\/\/api.w.org\/{rel}","templated":true}]}}