{"id":6015,"date":"2026-04-30T19:27:55","date_gmt":"2026-04-30T19:27:55","guid":{"rendered":"https:\/\/www.lobodachi.com\/?post_type=product&#038;p=6015"},"modified":"2026-05-03T14:40:14","modified_gmt":"2026-05-03T14:40:14","slug":"lonchera-metalica-de-viaje-con-snacks","status":"publish","type":"product","link":"https:\/\/www.lobodachi.com\/?product=lonchera-metalica-de-viaje-con-snacks","title":{"rendered":"Lonchera met\u00e1lica de viaje con snacks"},"content":{"rendered":"<p>Pok\u00e9mon Center<\/p>\n<p>Lonchera met\u00e1lica de viaje con Snacks con forma de estrella Pok\u00e9mon<\/p>\n<p>Contiene 5 paquetes con snacks salados y una pegatina del Pok\u00e9mon Center<\/p>\n<p>14\u00d710\u00d713 cm<\/p>\n<p>252 g<\/p>\n","protected":false},"excerpt":{"rendered":"<p>Pok\u00e9mon Center Lonchera met\u00e1lica de viaje con Snacks con forma de estrella Pok\u00e9mon Contiene 5 paquetes con snacks salados y una pegatina del Pok\u00e9mon Center 14\u00d710\u00d713 cm 252 g<\/p>\n","protected":false},"featured_media":6016,"template":"","meta":[],"_links":{"self":[{"href":"https:\/\/www.lobodachi.com\/index.php?rest_route=\/wp\/v2\/product\/6015"}],"collection":[{"href":"https:\/\/www.lobodachi.com\/index.php?rest_route=\/wp\/v2\/product"}],"about":[{"href":"https:\/\/www.lobodachi.com\/index.php?rest_route=\/wp\/v2\/types\/product"}],"wp:featuredmedia":[{"embeddable":true,"href":"https:\/\/www.lobodachi.com\/index.php?rest_route=\/wp\/v2\/media\/6016"}],"wp:attachment":[{"href":"https:\/\/www.lobodachi.com\/index.php?rest_route=%2Fwp%2Fv2%2Fmedia&parent=6015"}],"curies":[{"name":"wp","href":"https:\/\/api.w.org\/{rel}","templated":true}]}}