{"id":6023,"date":"2026-04-30T19:54:18","date_gmt":"2026-04-30T19:54:18","guid":{"rendered":"https:\/\/www.lobodachi.com\/?post_type=product&#038;p=6023"},"modified":"2026-05-05T15:35:47","modified_gmt":"2026-05-05T15:35:47","slug":"figura-ceramica-ponyta-pikachu","status":"publish","type":"product","link":"https:\/\/www.lobodachi.com\/?product=figura-ceramica-ponyta-pikachu","title":{"rendered":"Figura cer\u00e1mica Ponyta &amp; Pikachu"},"content":{"rendered":"<p>Pok\u00e9mon Center<\/p>\n<p>Figura Cer\u00e1mica Ponyta &amp; Pikachu<\/p>\n<p>9\u00d74\u00d710 cm<\/p>\n<p>78 g<\/p>\n","protected":false},"excerpt":{"rendered":"<p>Pok\u00e9mon Center Figura Cer\u00e1mica Ponyta &amp; Pikachu 9\u00d74\u00d710 cm 78 g<\/p>\n","protected":false},"featured_media":6029,"template":"","meta":[],"_links":{"self":[{"href":"https:\/\/www.lobodachi.com\/index.php?rest_route=\/wp\/v2\/product\/6023"}],"collection":[{"href":"https:\/\/www.lobodachi.com\/index.php?rest_route=\/wp\/v2\/product"}],"about":[{"href":"https:\/\/www.lobodachi.com\/index.php?rest_route=\/wp\/v2\/types\/product"}],"wp:featuredmedia":[{"embeddable":true,"href":"https:\/\/www.lobodachi.com\/index.php?rest_route=\/wp\/v2\/media\/6029"}],"wp:attachment":[{"href":"https:\/\/www.lobodachi.com\/index.php?rest_route=%2Fwp%2Fv2%2Fmedia&parent=6023"}],"curies":[{"name":"wp","href":"https:\/\/api.w.org\/{rel}","templated":true}]}}