{"id":6025,"date":"2026-04-30T19:54:18","date_gmt":"2026-04-30T19:54:18","guid":{"rendered":"https:\/\/www.lobodachi.com\/?post_type=product&#038;p=6025"},"modified":"2026-05-05T15:35:44","modified_gmt":"2026-05-05T15:35:44","slug":"slowpoke-fluffy-palm-mascot","status":"publish","type":"product","link":"https:\/\/www.lobodachi.com\/?product=slowpoke-fluffy-palm-mascot","title":{"rendered":"Slowpoke Fluffy Palm mascot"},"content":{"rendered":"<p>Pok\u00e9mon Center<\/p>\n<p>Llavero Plush Slowpoke Pok\u00e9mon Fluffy Palm Mascot<\/p>\n<p>6.5\u00d73\u00d712 cm<\/p>\n<p>8g<\/p>\n","protected":false},"excerpt":{"rendered":"<p>Pok\u00e9mon Center Llavero Plush Slowpoke Pok\u00e9mon Fluffy Palm Mascot 6.5\u00d73\u00d712 cm 8g<\/p>\n","protected":false},"featured_media":6026,"template":"","meta":[],"_links":{"self":[{"href":"https:\/\/www.lobodachi.com\/index.php?rest_route=\/wp\/v2\/product\/6025"}],"collection":[{"href":"https:\/\/www.lobodachi.com\/index.php?rest_route=\/wp\/v2\/product"}],"about":[{"href":"https:\/\/www.lobodachi.com\/index.php?rest_route=\/wp\/v2\/types\/product"}],"wp:featuredmedia":[{"embeddable":true,"href":"https:\/\/www.lobodachi.com\/index.php?rest_route=\/wp\/v2\/media\/6026"}],"wp:attachment":[{"href":"https:\/\/www.lobodachi.com\/index.php?rest_route=%2Fwp%2Fv2%2Fmedia&parent=6025"}],"curies":[{"name":"wp","href":"https:\/\/api.w.org\/{rel}","templated":true}]}}