{"id":6033,"date":"2026-05-01T19:12:47","date_gmt":"2026-05-01T19:12:47","guid":{"rendered":"https:\/\/www.lobodachi.com\/?post_type=product&#038;p=6033"},"modified":"2026-05-05T15:36:01","modified_gmt":"2026-05-05T15:36:01","slug":"pikachu-yuki-asobi-plush-2025","status":"publish","type":"product","link":"https:\/\/www.lobodachi.com\/?product=pikachu-yuki-asobi-plush-2025","title":{"rendered":"Pikachu Yuki asobi Plush 2025"},"content":{"rendered":"<p>Pok\u00e9mon Center<\/p>\n<p>Plush Pikachu Jugando en la Nieve<\/p>\n<p>13,5\u00d719,5\u00d719 cm<\/p>\n<p>164 g<\/p>\n","protected":false},"excerpt":{"rendered":"<p>Pok\u00e9mon Center Plush Pikachu Jugando en la Nieve 13,5\u00d719,5\u00d719 cm 164 g<\/p>\n","protected":false},"featured_media":6041,"template":"","meta":[],"_links":{"self":[{"href":"https:\/\/www.lobodachi.com\/index.php?rest_route=\/wp\/v2\/product\/6033"}],"collection":[{"href":"https:\/\/www.lobodachi.com\/index.php?rest_route=\/wp\/v2\/product"}],"about":[{"href":"https:\/\/www.lobodachi.com\/index.php?rest_route=\/wp\/v2\/types\/product"}],"wp:featuredmedia":[{"embeddable":true,"href":"https:\/\/www.lobodachi.com\/index.php?rest_route=\/wp\/v2\/media\/6041"}],"wp:attachment":[{"href":"https:\/\/www.lobodachi.com\/index.php?rest_route=%2Fwp%2Fv2%2Fmedia&parent=6033"}],"curies":[{"name":"wp","href":"https:\/\/api.w.org\/{rel}","templated":true}]}}