{"id":6076,"date":"2026-05-03T22:25:28","date_gmt":"2026-05-03T22:25:28","guid":{"rendered":"https:\/\/www.lobodachi.com\/?post_type=product&#038;p=6076"},"modified":"2026-05-07T14:22:50","modified_gmt":"2026-05-07T14:22:50","slug":"llavero-umbreon-con-pon-pon-eevee-collection","status":"publish","type":"product","link":"https:\/\/www.lobodachi.com\/?product=llavero-umbreon-con-pon-pon-eevee-collection","title":{"rendered":"Llavero Umbreon con Pon Pon Eevee Collection"},"content":{"rendered":"<p>Pok\u00e9mon Center<\/p>\n<p>Llavero Umbreon con Pon pon Eevee Collection<\/p>\n<p>13.2\u00d78\u00d720.5 cm<\/p>\n<p>38g<\/p>\n<p>\u00a0<\/p>\n","protected":false},"excerpt":{"rendered":"<p>Pok\u00e9mon Center Llavero Umbreon con Pon pon Eevee Collection 13.2\u00d78\u00d720.5 cm 38g \u00a0<\/p>\n","protected":false},"featured_media":6082,"template":"","meta":[],"_links":{"self":[{"href":"https:\/\/www.lobodachi.com\/index.php?rest_route=\/wp\/v2\/product\/6076"}],"collection":[{"href":"https:\/\/www.lobodachi.com\/index.php?rest_route=\/wp\/v2\/product"}],"about":[{"href":"https:\/\/www.lobodachi.com\/index.php?rest_route=\/wp\/v2\/types\/product"}],"wp:featuredmedia":[{"embeddable":true,"href":"https:\/\/www.lobodachi.com\/index.php?rest_route=\/wp\/v2\/media\/6082"}],"wp:attachment":[{"href":"https:\/\/www.lobodachi.com\/index.php?rest_route=%2Fwp%2Fv2%2Fmedia&parent=6076"}],"curies":[{"name":"wp","href":"https:\/\/api.w.org\/{rel}","templated":true}]}}