{"id":6078,"date":"2026-05-03T22:25:28","date_gmt":"2026-05-03T22:25:28","guid":{"rendered":"https:\/\/www.lobodachi.com\/?post_type=product&#038;p=6078"},"modified":"2026-05-07T14:22:38","modified_gmt":"2026-05-07T14:22:38","slug":"llavero-espeon-con-pon-pon-eevee-collection","status":"publish","type":"product","link":"https:\/\/www.lobodachi.com\/?product=llavero-espeon-con-pon-pon-eevee-collection","title":{"rendered":"Llavero Espeon con Pon Pon Eevee Collection"},"content":{"rendered":"<p>Pok\u00e9mon Center<\/p>\n<p>Llavero Espeon con Pon pon Eevee Collection<\/p>\n<p>13,5\u00d78\u00d720,5 cm<\/p>\n<p>39g<\/p>\n<p>\u00a0<\/p>\n","protected":false},"excerpt":{"rendered":"<p>Pok\u00e9mon Center Llavero Espeon con Pon pon Eevee Collection 13,5\u00d78\u00d720,5 cm 39g \u00a0<\/p>\n","protected":false},"featured_media":6080,"template":"","meta":[],"_links":{"self":[{"href":"https:\/\/www.lobodachi.com\/index.php?rest_route=\/wp\/v2\/product\/6078"}],"collection":[{"href":"https:\/\/www.lobodachi.com\/index.php?rest_route=\/wp\/v2\/product"}],"about":[{"href":"https:\/\/www.lobodachi.com\/index.php?rest_route=\/wp\/v2\/types\/product"}],"wp:featuredmedia":[{"embeddable":true,"href":"https:\/\/www.lobodachi.com\/index.php?rest_route=\/wp\/v2\/media\/6080"}],"wp:attachment":[{"href":"https:\/\/www.lobodachi.com\/index.php?rest_route=%2Fwp%2Fv2%2Fmedia&parent=6078"}],"curies":[{"name":"wp","href":"https:\/\/api.w.org\/{rel}","templated":true}]}}